{"id":611,"date":"2024-09-13T03:14:58","date_gmt":"2024-09-13T03:14:58","guid":{"rendered":"http:\/\/lynflowers.com.co\/about\/"},"modified":"2024-09-18T22:45:58","modified_gmt":"2024-09-18T22:45:58","slug":"about","status":"publish","type":"page","link":"https:\/\/lynflowers.com.co\/pt\/about\/","title":{"rendered":"N\u00f3s"},"content":{"rendered":"<div class=\"wp-block-cover alignfull\" style=\"min-height:617px;aspect-ratio:unset;\"><span aria-hidden=\"true\" class=\"wp-block-cover__background has-background-dim\"><\/span><img loading=\"lazy\" decoding=\"async\" width=\"1024\" height=\"683\" class=\"wp-block-cover__image-background wp-image-987\" alt=\"\" src=\"https:\/\/lynflowers.com.co\/wp-content\/uploads\/2024\/09\/Nosotros-1024x683.jpg\" style=\"object-position:0% 39%\" data-object-fit=\"cover\" data-object-position=\"0% 39%\" srcset=\"https:\/\/lynflowers.com.co\/wp-content\/uploads\/2024\/09\/Nosotros-1024x683.jpg 1024w, https:\/\/lynflowers.com.co\/wp-content\/uploads\/2024\/09\/Nosotros-300x200.jpg 300w, https:\/\/lynflowers.com.co\/wp-content\/uploads\/2024\/09\/Nosotros-768x512.jpg 768w, https:\/\/lynflowers.com.co\/wp-content\/uploads\/2024\/09\/Nosotros-1536x1024.jpg 1536w, https:\/\/lynflowers.com.co\/wp-content\/uploads\/2024\/09\/Nosotros-600x400.jpg 600w, https:\/\/lynflowers.com.co\/wp-content\/uploads\/2024\/09\/Nosotros.jpg 1920w\" sizes=\"auto, (max-width: 1024px) 100vw, 1024px\" \/><div class=\"wp-block-cover__inner-container is-layout-flow wp-block-cover-is-layout-flow\">\n<p class=\"has-text-align-left\" style=\"font-size:60px\">Sobre n\u00f3s<\/p>\n<\/div><\/div>\n\n\n\n<div class=\"wp-block-uagb-container uagb-block-8f655b5d alignfull uagb-is-root-container\"><div class=\"uagb-container-inner-blocks-wrap\">\n<div class=\"wp-block-uagb-container uagb-block-ef5c793b\">\n<div class=\"wp-block-uagb-advanced-heading uagb-block-968e99ff\"><h3 class=\"uagb-heading-text\">Qual \u00e9 a nossa miss\u00e3o?<\/h3><\/div>\n<\/div>\n\n\n\n<div class=\"wp-block-uagb-container uagb-block-5e4cc404\">\n<div class=\"wp-block-uagb-advanced-heading uagb-block-fed986a5\"><p class=\"uagb-heading-text\">Na Lyn Flowers, sediada na Col\u00f4mbia, nos dedicamos \u00e0 produ\u00e7\u00e3o, fabrica\u00e7\u00e3o e distribui\u00e7\u00e3o de produtos derivados de canabinoides para uso medicinal e pesquisa globalmente. Nosso objetivo \u00e9 oferecer solu\u00e7\u00f5es inovadoras e de alta qualidade que sirvam como alternativas eficazes em tratamentos m\u00e9dicos e como ferramentas para pesquisa cient\u00edfica. Promovemos o avan\u00e7o da medicina e da ci\u00eancia por meio de um compromisso inabal\u00e1vel com a excel\u00eancia, pesquisa e desenvolvimento cont\u00ednuo.<\/p><\/div>\n<\/div>\n<\/div><\/div>\n\n\n\n<div class=\"wp-block-uagb-container uagb-block-4cb98ea9 alignfull uagb-is-root-container\"><div class=\"uagb-container-inner-blocks-wrap\">\n<div class=\"wp-block-uagb-advanced-heading uagb-block-6e62113e\"><h2 class=\"uagb-heading-text\">Qual \u00e9 a nossa vis\u00e3o?<\/h2><p class=\"uagb-desc-text\">Lideran\u00e7a Global em Inova\u00e7\u00e3o e Qualidade: Nosso objetivo \u00e9 sermos reconhecidos mundialmente como l\u00edderes em inova\u00e7\u00e3o e qualidade de produtos derivados de canabinoides para uso medicinal e de pesquisa. Estamos dedicados a oferecer solu\u00e7\u00f5es avan\u00e7adas que fazem a diferen\u00e7a na sa\u00fade e no bem-estar.<\/p><\/div>\n\n\n\n<div class=\"wp-block-uagb-image aligncenter uagb-block-31c5f874 wp-block-uagb-image--layout-default wp-block-uagb-image--effect-static wp-block-uagb-image--align-center\"><figure class=\"wp-block-uagb-image__figure\"><img decoding=\"async\" srcset=\"https:\/\/lynflowers.com.co\/wp-content\/uploads\/2024\/09\/Nosotros2-1024x683.jpg ,https:\/\/lynflowers.com.co\/wp-content\/uploads\/2024\/09\/Nosotros2.jpg 780w, https:\/\/lynflowers.com.co\/wp-content\/uploads\/2024\/09\/Nosotros2.jpg 360w\" sizes=\"auto, (max-width: 480px) 150px\" src=\"https:\/\/lynflowers.com.co\/wp-content\/uploads\/2024\/09\/Nosotros2-1024x683.jpg\" alt=\"\" class=\"uag-image-988\" width=\"1200\" height=\"550\" title=\"\" loading=\"lazy\" role=\"img\"\/><\/figure><\/div>\n\n\n\n<div class=\"wp-block-uagb-container uagb-block-5a13d703\">\n<div class=\"wp-block-uagb-advanced-heading uagb-block-60072a4a\"><p class=\"uagb-heading-text\">Transformando a Sa\u00fade e a Ci\u00eancia em Todos os Continentes: Aspiramos transformar a sa\u00fade e a ci\u00eancia em n\u00edvel global, estabelecendo nossa presen\u00e7a em todos os continentes. Nosso compromisso \u00e9 promover o acesso a solu\u00e7\u00f5es avan\u00e7adas que melhorem a qualidade de vida e promovam o progresso cient\u00edfico, abrindo novas portas para o futuro.<\/p><\/div>\n\n\n\n<div class=\"wp-block-uagb-advanced-heading uagb-block-ae63a089\"><p class=\"uagb-heading-text\">Comprometimento com a Expans\u00e3o e Responsabilidade Global: Com integridade e responsabilidade, nos dedicamos a expandir nossas opera\u00e7\u00f5es em todos os cantos do planeta. Trabalhamos para promover a aceita\u00e7\u00e3o e o uso de nossos produtos, contribuindo para o avan\u00e7o da medicina e da pesquisa em todo o mundo.<\/p><\/div>\n<\/div>\n<\/div><\/div>\n\n\n<div class=\"n2_clear\"><ss3-force-full-width data-overflow-x=\"body\" data-horizontal-selector=\"body\"><div class=\"n2-section-smartslider fitvidsignore  n2_clear\" data-ssid=\"6\" tabindex=\"0\" role=\"region\" aria-label=\"Controle deslizante\"><div id=\"n2-ss-6-align\" class=\"n2-ss-align\"><div class=\"n2-padding\"><div id=\"n2-ss-6\" data-creator=\"Smart Slider 3\" data-responsive=\"fullwidth\" class=\"n2-ss-slider n2-ow n2-has-hover n2notransition\">\n        <div class=\"n2-ss-slider-1 n2-ow\">\n            <div class=\"n2-ss-slider-2 n2-ow\">\n                <div class=\"n2-ss-slide-backgrounds n2-ow-all\"><div class=\"n2-ss-slide-background\" data-public-id=\"1\" data-mode=\"fill\"><div class=\"n2-ss-slide-background-image\" data-blur=\"0\" data-opacity=\"100\" data-x=\"50\" data-y=\"50\" data-alt=\"\" data-title=\"\"><picture class=\"skip-lazy\" data-skip-lazy=\"1\"><img decoding=\"async\" src=\"\/\/lynflowers.com.co\/wp-content\/uploads\/slider3\/Planta_3.jpeg\" alt=\"\" title=\"\" loading=\"lazy\" class=\"skip-lazy\" data-skip-lazy=\"1\"><\/picture><\/div><div data-color=\"RGBA(255,255,255,0)\" style=\"background-color: RGBA(255,255,255,0);\" class=\"n2-ss-slide-background-color\"><\/div><\/div><\/div>                <div class=\"n2-ss-slider-3 n2-ow\">\n                    <svg xmlns=\"http:\/\/www.w3.org\/2000\/svg\" viewbox=\"0 0 1000 600\" data-related-device=\"desktopPortrait\" class=\"n2-ow n2-ss-preserve-size n2-ss-preserve-size--slider n2-ss-slide-limiter\"><\/svg><div data-first=\"1\" data-slide-duration=\"0\" data-id=\"12\" data-slide-public-id=\"1\" class=\"n2-ss-slide n2-ow  n2-ss-slide-12\"><div role=\"note\" class=\"n2-ss-slide--focus\" tabindex=\"-1\"><\/div><div class=\"n2-ss-layers-container n2-ss-slide-limiter n2-ow\"><div class=\"n2-ss-layer n2-ow n-uc-Nn0YbotQKT0w\" data-sstype=\"slide\" data-pm=\"default\"><div class=\"n2-ss-layer n2-ow n-uc-o5Ns6b72Bdzn\" data-pm=\"default\" data-sstype=\"content\" data-hasbackground=\"0\"><div class=\"n2-ss-section-main-content n2-ss-layer-with-background n2-ss-layer-content n2-ow n-uc-o5Ns6b72Bdzn-inner\"><div class=\"n2-ss-layer n2-ow n-uc-10fe15b8af7a6\" data-pm=\"normal\" data-sstype=\"layer\"><div id=\"n2-ss-6item1\" class=\"n2-font-a45fae4fb77cfc4b472644d7a5e693dc-hover n2-style-654fb965c533036469fbf99fa08e4336-heading   n2-ss-item-content n2-ss-text n2-ow\" style=\"display:block;\">\u00bfInteressado? <\/div><\/div><div class=\"n2-ss-layer n2-ow n-uc-1a16329bcc538\" data-pm=\"normal\" data-sstype=\"layer\"><div class=\"n2-ss-item-content n2-ss-text n2-ow-all\"><div class=\"\"><p class=\"n2-font-0150ea050ac2a060bdcf616771b80ee0-paragraph\">\u200e \u200e \u200e \u200e \u200e \u200e \u200e \u200e \u200e \u200e \u200e \u200e \u200e \u200e \u200e \u200e \u200e \u200e \u200e \u200e \u200e \u200e \u200e \u200e \u200e \u200e \u200e \u200e \u200e \u200e \u200e \u200e \u200e \u200e \u200e \u200e \u200e \u200e \u200e \u200e \u200e \u200e \u200e \u200e \u200e \u200e \u200e \u200e \u200e \u200e \u200e \u200e \u200e \u200e \u200e \u200e \u200e \u200e \u200e \u200e \u200e \u200e \u200e \u200e \u200e \u200e \u200e \u200e \u200e \u200e \u200e \u200e \u200e \u200e \u200e \u200e \u200e \u200e \u200e \u200e \u200e \u200e \u200e \u200e \u200e \u200e \u200e \u200e \u200e \u200e \u200e \u200e \u200e \u200e \u200e \u200e \u200e \u200e \u200e \u200e <\/p>\n<\/div><\/div><\/div><div class=\"n2-ss-layer n2-ow n-uc-11b9fc7fb901b\" data-pm=\"normal\" data-sstype=\"layer\"><div id=\"n2-ss-6item3\" class=\"n2-font-a45fae4fb77cfc4b472644d7a5e693dc-hover n2-style-654fb965c533036469fbf99fa08e4336-heading   n2-ss-item-content n2-ss-text n2-ow\" style=\"display:block;\">\u00a1D\u00ea uma olhada em nossos produtos!<\/div><\/div><div class=\"n2-ss-layer n2-ow n-uc-10cb31e7a12ac\" data-pm=\"normal\" data-sstype=\"layer\"><div class=\"n2-ss-item-content n2-ss-text n2-ow-all\"><div class=\"\"><p class=\"n2-font-0150ea050ac2a060bdcf616771b80ee0-paragraph\">\u200e \u200e \u200e \u200e \u200e \u200e \u200e \u200e \u200e \u200e \u200e \u200e \u200e \u200e \u200e \u200e \u200e \u200e \u200e \u200e \u200e \u200e \u200e \u200e \u200e \u200e \u200e \u200e \u200e \u200e \u200e \u200e \u200e \u200e \u200e \u200e \u200e \u200e \u200e \u200e \u200e \u200e \u200e \u200e \u200e \u200e \u200e \u200e \u200e \u200e \u200e \u200e \u200e \u200e \u200e \u200e \u200e \u200e \u200e \u200e \u200e \u200e \u200e \u200e \u200e \u200e \u200e \u200e \u200e \u200e \u200e \u200e \u200e \u200e \u200e \u200e \u200e \u200e \u200e \u200e \u200e \u200e \u200e \u200e \u200e \u200e \u200e \u200e \u200e \u200e \u200e \u200e \u200e \u200e \u200e \u200e \u200e \u200e \u200e \u200e <\/p>\n<\/div><\/div><\/div><div class=\"n2-ss-layer n2-ow n-uc-1e03d96601d56\" data-pm=\"normal\" data-sstype=\"layer\"><div class=\"n2-ss-item-content n2-ss-text n2-ow-all\"><div class=\"\"><p class=\"n2-font-0150ea050ac2a060bdcf616771b80ee0-paragraph\">D\u00ea uma olhada em nossos produtos e encontre o que voc\u00ea procura! Se voc\u00ea precisa de ajuda com seu<br \/>\ncompras ou tiver alguma d\u00favida, n\u00e3o hesite em nos contatar. Estamos aqui para ajudar<br \/>\nvoc\u00ea.<\/p>\n<\/div><\/div><\/div><div class=\"n2-ss-layer n2-ow n-uc-15678413e6662\" data-pm=\"normal\" data-sstype=\"layer\"><div class=\"n2-ss-item-content n2-ss-text n2-ow-all\"><div class=\"\"><p class=\"n2-font-0150ea050ac2a060bdcf616771b80ee0-paragraph\">\u200e \u200e \u200e \u200e \u200e \u200e \u200e \u200e \u200e \u200e \u200e \u200e \u200e \u200e \u200e \u200e \u200e \u200e \u200e \u200e \u200e \u200e \u200e \u200e \u200e \u200e \u200e \u200e \u200e \u200e \u200e \u200e \u200e \u200e \u200e \u200e \u200e \u200e \u200e \u200e \u200e \u200e \u200e \u200e \u200e \u200e \u200e \u200e \u200e \u200e \u200e \u200e \u200e \u200e \u200e \u200e \u200e \u200e \u200e \u200e \u200e \u200e \u200e \u200e \u200e \u200e \u200e \u200e \u200e \u200e \u200e \u200e \u200e \u200e \u200e \u200e \u200e \u200e \u200e \u200e \u200e \u200e \u200e \u200e \u200e \u200e \u200e \u200e \u200e \u200e \u200e \u200e \u200e \u200e \u200e \u200e \u200e \u200e \u200e \u200e <\/p>\n<\/div><\/div><\/div><div class=\"n2-ss-layer n2-ow n-uc-11da57fe4f38b n2-ss-layer--auto\" data-pm=\"normal\" data-sstype=\"layer\"><div class=\"n2-ss-button-container n2-ss-item-content n2-ow n2-font-13eb7485cfbff955aa18f24b43e30e99-link  n2-ss-nowrap n2-ss-button-container--non-full-width\"><a class=\"n2-style-618f2b941358946a05da64b8ee7ad137-heading  n2-ow\" href=\"https:\/\/lynflowers.com.co\/pt\/shop-3\/\"><div><div>IR PARA A LOJA<\/div><\/div><\/a><\/div><\/div><\/div><\/div><\/div><\/div><\/div>                <\/div>\n                            <\/div>\n        <\/div>\n        <\/div><ss3-loader><\/ss3-loader><\/div><\/div><div class=\"n2_clear\"><\/div><\/div><\/ss3-force-full-width><\/div>\n\n\n<p><\/p>","protected":false},"excerpt":{"rendered":"<p>\u00bfWhat is our mission? At Lyn Flowers, based in Colombia, we are dedicated to the production, manufacturing and distribution of products derived from cannabinoids for medicinal use and research globally. Our goal is to offer innovative and high-quality solutions that serve as effective alternatives in medical treatments and as tools for scientific research. We promote [&hellip;]<\/p>","protected":false},"author":1,"featured_media":0,"parent":0,"menu_order":0,"comment_status":"closed","ping_status":"closed","template":"","meta":{"_surecart_dashboard_logo_width":"180px","_surecart_dashboard_show_logo":true,"_surecart_dashboard_navigation_orders":true,"_surecart_dashboard_navigation_invoices":true,"_surecart_dashboard_navigation_subscriptions":true,"_surecart_dashboard_navigation_downloads":true,"_surecart_dashboard_navigation_billing":true,"_surecart_dashboard_navigation_account":true,"_uag_custom_page_level_css":"","site-sidebar-layout":"default","site-content-layout":"plain-container","ast-site-content-layout":"normal-width-container","site-content-style":"unboxed","site-sidebar-style":"unboxed","ast-global-header-display":"","ast-banner-title-visibility":"","ast-main-header-display":"","ast-hfb-above-header-display":"","ast-hfb-below-header-display":"","ast-hfb-mobile-header-display":"","site-post-title":"disabled","ast-breadcrumbs-content":"","ast-featured-img":"","footer-sml-layout":"","ast-disable-related-posts":"","theme-transparent-header-meta":"","adv-header-id-meta":"","stick-header-meta":"","header-above-stick-meta":"","header-main-stick-meta":"","header-below-stick-meta":"","astra-migrate-meta-layouts":"set","ast-page-background-enabled":"default","ast-page-background-meta":{"desktop":{"background-color":"","background-image":"","background-repeat":"repeat","background-position":"center center","background-size":"auto","background-attachment":"scroll","background-type":"","background-media":"","overlay-type":"","overlay-color":"","overlay-opacity":"","overlay-gradient":""},"tablet":{"background-color":"","background-image":"","background-repeat":"repeat","background-position":"center center","background-size":"auto","background-attachment":"scroll","background-type":"","background-media":"","overlay-type":"","overlay-color":"","overlay-opacity":"","overlay-gradient":""},"mobile":{"background-color":"","background-image":"","background-repeat":"repeat","background-position":"center center","background-size":"auto","background-attachment":"scroll","background-type":"","background-media":"","overlay-type":"","overlay-color":"","overlay-opacity":"","overlay-gradient":""}},"ast-content-background-meta":{"desktop":{"background-color":"var(--ast-global-color-4)","background-image":"","background-repeat":"repeat","background-position":"center center","background-size":"auto","background-attachment":"scroll","background-type":"","background-media":"","overlay-type":"","overlay-color":"","overlay-opacity":"","overlay-gradient":""},"tablet":{"background-color":"var(--ast-global-color-4)","background-image":"","background-repeat":"repeat","background-position":"center center","background-size":"auto","background-attachment":"scroll","background-type":"","background-media":"","overlay-type":"","overlay-color":"","overlay-opacity":"","overlay-gradient":""},"mobile":{"background-color":"var(--ast-global-color-4)","background-image":"","background-repeat":"repeat","background-position":"center center","background-size":"auto","background-attachment":"scroll","background-type":"","background-media":"","overlay-type":"","overlay-color":"","overlay-opacity":"","overlay-gradient":""}},"footnotes":""},"class_list":["post-611","page","type-page","status-publish","hentry"],"aioseo_notices":[],"uagb_featured_image_src":{"full":false,"thumbnail":false,"medium":false,"medium_large":false,"large":false,"1536x1536":false,"2048x2048":false,"trp-custom-language-flag":false,"woocommerce_thumbnail":false,"woocommerce_single":false,"woocommerce_gallery_thumbnail":false},"uagb_author_info":{"display_name":"soportelynflowers@gmail.com","author_link":"https:\/\/lynflowers.com.co\/pt\/author\/soportelynflowersgmail-com\/"},"uagb_comment_info":0,"uagb_excerpt":"\u00bfWhat is our mission? At Lyn Flowers, based in Colombia, we are dedicated to the production, manufacturing and distribution of products derived from cannabinoids for medicinal use and research globally. Our goal is to offer innovative and high-quality solutions that serve as effective alternatives in medical treatments and as tools for scientific research. We promote&hellip;","_links":{"self":[{"href":"https:\/\/lynflowers.com.co\/pt\/wp-json\/wp\/v2\/pages\/611","targetHints":{"allow":["GET"]}}],"collection":[{"href":"https:\/\/lynflowers.com.co\/pt\/wp-json\/wp\/v2\/pages"}],"about":[{"href":"https:\/\/lynflowers.com.co\/pt\/wp-json\/wp\/v2\/types\/page"}],"author":[{"embeddable":true,"href":"https:\/\/lynflowers.com.co\/pt\/wp-json\/wp\/v2\/users\/1"}],"replies":[{"embeddable":true,"href":"https:\/\/lynflowers.com.co\/pt\/wp-json\/wp\/v2\/comments?post=611"}],"version-history":[{"count":7,"href":"https:\/\/lynflowers.com.co\/pt\/wp-json\/wp\/v2\/pages\/611\/revisions"}],"predecessor-version":[{"id":1127,"href":"https:\/\/lynflowers.com.co\/pt\/wp-json\/wp\/v2\/pages\/611\/revisions\/1127"}],"wp:attachment":[{"href":"https:\/\/lynflowers.com.co\/pt\/wp-json\/wp\/v2\/media?parent=611"}],"curies":[{"name":"wp","href":"https:\/\/api.w.org\/{rel}","templated":true}]}}